{"id":319,"date":"2023-09-05T10:49:25","date_gmt":"2023-09-05T08:49:25","guid":{"rendered":"https:\/\/eco-sai.lesosai.com\/?page_id=319"},"modified":"2025-06-16T10:56:08","modified_gmt":"2025-06-16T08:56:08","slug":"home","status":"publish","type":"page","link":"https:\/\/eco-sai.com\/it\/","title":{"rendered":"Home"},"content":{"rendered":"<p><div class=\"fusion-fullwidth fullwidth-box fusion-builder-row-1 fusion-flex-container has-pattern-background has-mask-background nonhundred-percent-fullwidth non-hundred-percent-height-scrolling\" style=\"--awb-border-radius-top-left:0px;--awb-border-radius-top-right:0px;--awb-border-radius-bottom-right:0px;--awb-border-radius-bottom-left:0px;--awb-flex-wrap:wrap;\" ><div class=\"fusion-builder-row fusion-row fusion-flex-align-items-flex-start fusion-flex-content-wrap\" style=\"max-width:1248px;margin-left: calc(-4% \/ 2 );margin-right: calc(-4% \/ 2 );\"><div class=\"fusion-layout-column fusion_builder_column fusion-builder-column-0 fusion_builder_column_1_1 1_1 fusion-flex-column\" style=\"--awb-bg-size:cover;--awb-width-large:100%;--awb-margin-top-large:0px;--awb-spacing-right-large:1.92%;--awb-margin-bottom-large:20px;--awb-spacing-left-large:1.92%;--awb-width-medium:100%;--awb-order-medium:0;--awb-spacing-right-medium:1.92%;--awb-spacing-left-medium:1.92%;--awb-width-small:100%;--awb-order-small:0;--awb-spacing-right-small:1.92%;--awb-spacing-left-small:1.92%;\"><div class=\"fusion-column-wrapper fusion-column-has-shadow fusion-flex-justify-content-flex-start fusion-content-layout-column\"><div class=\"fusion-text fusion-text-1\"><h4>Calcolo della fisica delle costruzioni e dell&#8217;ecobilancio<\/h4>\n<\/div><\/div><\/div><div class=\"fusion-layout-column fusion_builder_column fusion-builder-column-1 fusion_builder_column_2_3 2_3 fusion-flex-column\" style=\"--awb-bg-size:cover;--awb-width-large:66.666666666667%;--awb-margin-top-large:0px;--awb-spacing-right-large:2.88%;--awb-margin-bottom-large:20px;--awb-spacing-left-large:2.88%;--awb-width-medium:66.666666666667%;--awb-order-medium:0;--awb-spacing-right-medium:2.88%;--awb-spacing-left-medium:2.88%;--awb-width-small:100%;--awb-order-small:0;--awb-spacing-right-small:1.92%;--awb-spacing-left-small:1.92%;\"><div class=\"fusion-column-wrapper fusion-column-has-shadow fusion-flex-justify-content-flex-start fusion-content-layout-column\"><div class=\"fusion-text fusion-text-2\"><p><strong>Eco-Sai\u00a0<\/strong>\u00e8 un software sviluppato da E4tech Software SA in collaborazione con il LESBAT del HEIG-VD fusionando i 2 software:<\/p>\n<ul>\n<li>USai : nato dal progetto di base dati distribuita MaterialsDB.org, Con l&#8217;obbiettivo di dare un prodotto semplice di calcolo della valore U, d&#8217;umidit\u00e0. USai \u00e8 sviluppato dalla societ\u00e0 E4tech Software SA. USai \u00e9 integrato in diversi software come Autodesk Revit, Lesosai,&#8230;<\/li>\n<li>Eco-Bat: software creato dal laboratorio LESBAT della HEIG-VD, permette di effettuare dei ecobilanci di materiali, di elementi di costruzione e di edifici completi.<\/li>\n<\/ul>\n<\/div><\/div><\/div><div class=\"fusion-layout-column fusion_builder_column fusion-builder-column-2 fusion_builder_column_1_3 1_3 fusion-flex-column\" style=\"--awb-padding-top:10px;--awb-padding-right:20px;--awb-padding-bottom:40px;--awb-padding-left:20px;--awb-overflow:hidden;--awb-bg-size:cover;--awb-border-color:var(--awb-color4);--awb-border-top:3px;--awb-border-right:3px;--awb-border-bottom:3px;--awb-border-left:3px;--awb-border-style:solid;--awb-border-radius:10px 10px 10px 10px;--awb-width-large:33.333333333333%;--awb-margin-top-large:0px;--awb-spacing-right-large:5.76%;--awb-margin-bottom-large:20px;--awb-spacing-left-large:5.76%;--awb-width-medium:33.333333333333%;--awb-order-medium:0;--awb-spacing-right-medium:5.76%;--awb-spacing-left-medium:5.76%;--awb-width-small:100%;--awb-order-small:0;--awb-spacing-right-small:1.92%;--awb-spacing-left-small:1.92%;\" data-scroll-devices=\"small-visibility,medium-visibility,large-visibility\"><div class=\"fusion-column-wrapper fusion-column-has-shadow fusion-flex-justify-content-flex-start fusion-content-layout-column\"><div class=\"fusion-title title fusion-title-1 fusion-sep-none fusion-title-text fusion-title-size-five\" style=\"--awb-text-color:var(--awb-color5);--awb-margin-top-small:10px;--awb-margin-right-small:0px;--awb-margin-bottom-small:10px;--awb-margin-left-small:0px;\"><h5 class=\"fusion-title-heading title-heading-left\" style=\"margin:0;\"><h5 style=\"text-align: center;\">Versione di base GRATUITA !<\/h5><\/h5><\/div><div style=\"text-align:center;\"><a class=\"fusion-button button-flat fusion-button-default-size button-default fusion-button-default button-1 fusion-button-default-span fusion-button-default-type\" target=\"_self\" href=\"\/it\/scaricare-prezzi\/\"><i class=\"fa-angle-right fas awb-button__icon awb-button__icon--default button-icon-left\" aria-hidden=\"true\"><\/i><span class=\"fusion-button-text awb-button__text awb-button__text--default\">Scaricare<\/span><\/a><\/div><\/div><\/div><\/div><\/div><div class=\"fusion-fullwidth fullwidth-box fusion-builder-row-2 fusion-flex-container has-pattern-background has-mask-background nonhundred-percent-fullwidth non-hundred-percent-height-scrolling\" style=\"--awb-border-radius-top-left:0px;--awb-border-radius-top-right:0px;--awb-border-radius-bottom-right:0px;--awb-border-radius-bottom-left:0px;--awb-padding-top:0px;--awb-padding-bottom:50px;--awb-background-color:var(--awb-custom_color_2);--awb-flex-wrap:wrap;\" ><div class=\"fusion-builder-row fusion-row fusion-flex-align-items-flex-start fusion-flex-content-wrap\" style=\"max-width:1248px;margin-left: calc(-4% \/ 2 );margin-right: calc(-4% \/ 2 );\"><div class=\"fusion-layout-column fusion_builder_column fusion-builder-column-3 fusion_builder_column_1_1 1_1 fusion-flex-column\" style=\"--awb-bg-size:cover;--awb-width-large:100%;--awb-margin-top-large:0px;--awb-spacing-right-large:1.92%;--awb-margin-bottom-large:20px;--awb-spacing-left-large:1.92%;--awb-width-medium:100%;--awb-order-medium:0;--awb-spacing-right-medium:1.92%;--awb-spacing-left-medium:1.92%;--awb-width-small:100%;--awb-order-small:0;--awb-spacing-right-small:1.92%;--awb-spacing-left-small:1.92%;\"><div class=\"fusion-column-wrapper fusion-column-has-shadow fusion-flex-justify-content-flex-start fusion-content-layout-column\"><div class=\"fusion-section-separator section-separator triangle fusion-section-separator-1\" style=\"--awb-border-bottom:1px solid var(--awb-color1);--awb-spacer-height:1px;--awb-svg-margin-left:1.92%;--awb-svg-margin-right:1.92%;--awb-svg-margin-left-medium:1.92%;--awb-svg-margin-right-medium:1.92%;--awb-svg-margin-left-small:1.92%;--awb-svg-margin-right-small:1.92%;--awb-icon-color:var(--awb-color1);\"><div class=\"fusion-section-separator-svg\"><div class=\"divider-candy-arrow bottom\" style=\"top:0px;border-top-color: var(--awb-color1);\"><\/div><div class=\"divider-candy bottom\" style=\"bottom:-21px;border-bottom:1px solid var(--awb-color1);border-left:1px solid var(--awb-color1);\"><\/div><\/div><div class=\"fusion-section-separator-spacer\"><div class=\"fusion-section-separator-spacer-height\"><\/div><\/div><\/div><div class=\"fusion-text fusion-text-3\"><h3 style=\"text-align: center;\">Eco-Sai<\/h3>\n<\/div><\/div><\/div><div class=\"fusion-layout-column fusion_builder_column fusion-builder-column-4 fusion_builder_column_1_2 1_2 fusion-flex-column\" style=\"--awb-bg-size:cover;--awb-width-large:50%;--awb-margin-top-large:0px;--awb-spacing-right-large:3.84%;--awb-margin-bottom-large:20px;--awb-spacing-left-large:3.84%;--awb-width-medium:50%;--awb-order-medium:0;--awb-spacing-right-medium:3.84%;--awb-spacing-left-medium:3.84%;--awb-width-small:100%;--awb-order-small:0;--awb-spacing-right-small:1.92%;--awb-spacing-left-small:1.92%;\"><div class=\"fusion-column-wrapper fusion-column-has-shadow fusion-flex-justify-content-flex-start fusion-content-layout-column\"><div class=\"fusion-text fusion-text-4\"><p>Con le sue funzionalit\u00e0,\u00a0<strong>Eco-Sai\u00a0<\/strong>aiuta per il processo decisionale sull&#8217;opportunit\u00e0 di un investimento nel risanamento di un edificio. La sua facilit\u00e0 di uso e il nostro servizio dopovendita di elevate prestazioni garantisce un risultato rapido ed affidevole e un vero risparmio di tempo e denaro.<\/p>\n<p>Inoltre,\u00a0<strong>Eco-Sai\u00a0<\/strong>\u00e9 collegato alla base dati di vari grandi costruttori di materiali attraverso la piattaforma\u00a0<strong><a href=\"http:\/\/www.materialsdb.org\/\" target=\"_blank\" rel=\"noopener\">materialsdb.org<\/a><\/strong>.<\/p>\n<\/div><div class=\"fusion-separator fusion-full-width-sep\" style=\"align-self: center;margin-left: auto;margin-right: auto;margin-top:20px;width:100%;\"><\/div><div style=\"text-align:center;\"><a class=\"fusion-button button-flat fusion-button-default-size button-default fusion-button-default button-2 fusion-button-default-span fusion-button-default-type\" target=\"_self\" href=\"\/it\/novita\/\"><i class=\"fa-angle-right fas awb-button__icon awb-button__icon--default button-icon-left\" aria-hidden=\"true\"><\/i><span class=\"fusion-button-text awb-button__text awb-button__text--default\">Novit\u00e0<\/span><\/a><\/div><div class=\"fusion-separator fusion-full-width-sep\" style=\"align-self: center;margin-left: auto;margin-right: auto;margin-top:20px;width:100%;\"><\/div><\/div><\/div><div class=\"fusion-layout-column fusion_builder_column fusion-builder-column-5 fusion_builder_column_1_2 1_2 fusion-flex-column\" style=\"--awb-bg-size:cover;--awb-width-large:50%;--awb-margin-top-large:0px;--awb-spacing-right-large:3.84%;--awb-margin-bottom-large:20px;--awb-spacing-left-large:3.84%;--awb-width-medium:50%;--awb-order-medium:0;--awb-spacing-right-medium:3.84%;--awb-spacing-left-medium:3.84%;--awb-width-small:100%;--awb-order-small:0;--awb-spacing-right-small:1.92%;--awb-spacing-left-small:1.92%;\"><div class=\"fusion-column-wrapper fusion-column-has-shadow fusion-flex-justify-content-flex-start fusion-content-layout-column\"><div class=\"fusion-text fusion-text-5\"><p><strong>Eco-Sai<\/strong>\u00a0\u00e8 disponibile come\u00a0<span class=\"red\">modulo di base gratuito<\/span>\u00a0con le seguenti funzioni:<\/p>\n<\/div><ul style=\"--awb-line-height:27.2px;--awb-icon-width:27.2px;--awb-icon-height:27.2px;--awb-icon-margin:11.2px;--awb-content-margin:38.4px;--awb-circlecolor:var(--awb-color4);--awb-circle-yes-font-size:14.08px;\" class=\"fusion-checklist fusion-checklist-1 fusion-checklist-default type-icons\"><li class=\"fusion-li-item\" style=\"\"><span class=\"icon-wrapper circle-yes\"><i class=\"fusion-li-icon fa-check fas\" aria-hidden=\"true\"><\/i><\/span><div class=\"fusion-li-item-content\">\n<p>Gestire i progetti di costruzione (facciate, tetti, pavimenti, porte)<\/p>\n<\/div><\/li><li class=\"fusion-li-item\" style=\"\"><span class=\"icon-wrapper circle-yes\"><i class=\"fusion-li-icon fa-check fas\" aria-hidden=\"true\"><\/i><\/span><div class=\"fusion-li-item-content\">\n<p>Calcolare il coefficiente di trasmissione di calore U (SIA180, EN ISO 6946)<\/p>\n<\/div><\/li><li class=\"fusion-li-item\" style=\"\"><span class=\"icon-wrapper circle-yes\"><i class=\"fusion-li-icon fa-check fas\" aria-hidden=\"true\"><\/i><\/span><div class=\"fusion-li-item-content\">\n<p>Contiene la database: <a href=\"http:\/\/www.materialsdb.org\/\">materialsdb.org<\/a><\/p>\n<\/div><\/li><li class=\"fusion-li-item\" style=\"\"><span class=\"icon-wrapper circle-yes\"><i class=\"fusion-li-icon fa-check fas\" aria-hidden=\"true\"><\/i><\/span><div class=\"fusion-li-item-content\">\n<p>I risultati sono presentati sotto forma numerica e grafica<\/p>\n<\/div><\/li><li class=\"fusion-li-item\" style=\"\"><span class=\"icon-wrapper circle-yes\"><i class=\"fusion-li-icon fa-check fas\" aria-hidden=\"true\"><\/i><\/span><div class=\"fusion-li-item-content\">\n<p>Permette di calcolare gli annessi EN ISO 6946, fissazioni mecaniche e vuoti d&#8217;aria<\/p>\n<\/div><\/li><li class=\"fusion-li-item\" style=\"\"><span class=\"icon-wrapper circle-yes\"><i class=\"fusion-li-icon fa-check fas\" aria-hidden=\"true\"><\/i><\/span><div class=\"fusion-li-item-content\">\n<p>Compatibile a partire di Lesosai 7.1<\/p>\n<\/div><\/li><\/ul><\/div><\/div><div class=\"fusion-layout-column fusion_builder_column fusion-builder-column-6 fusion_builder_column_1_1 1_1 fusion-flex-column\" style=\"--awb-bg-size:cover;--awb-width-large:100%;--awb-margin-top-large:0px;--awb-spacing-right-large:1.92%;--awb-margin-bottom-large:20px;--awb-spacing-left-large:1.92%;--awb-width-medium:100%;--awb-order-medium:0;--awb-spacing-right-medium:1.92%;--awb-spacing-left-medium:1.92%;--awb-width-small:100%;--awb-order-small:0;--awb-spacing-right-small:1.92%;--awb-spacing-left-small:1.92%;\"><div class=\"fusion-column-wrapper fusion-column-has-shadow fusion-flex-justify-content-flex-start fusion-content-layout-column\"><div class=\"fusion-separator fusion-full-width-sep\" style=\"align-self: center;margin-left: auto;margin-right: auto;margin-top:20px;width:100%;\"><\/div><div class=\"fusion-image-element \" style=\"text-align:center;--awb-caption-title-font-family:var(--h2_typography-font-family);--awb-caption-title-font-weight:var(--h2_typography-font-weight);--awb-caption-title-font-style:var(--h2_typography-font-style);--awb-caption-title-size:var(--h2_typography-font-size);--awb-caption-title-transform:var(--h2_typography-text-transform);--awb-caption-title-line-height:var(--h2_typography-line-height);--awb-caption-title-letter-spacing:var(--h2_typography-letter-spacing);\"><span class=\" fusion-imageframe imageframe-none imageframe-1 hover-type-none\"><img decoding=\"async\" width=\"410\" height=\"165\" title=\"bgd-isolation-01\" src=\"https:\/\/eco-sai.com\/wp-content\/uploads\/sites\/2\/2023\/09\/bgd-isolation-01.png\" alt class=\"img-responsive wp-image-202\" srcset=\"https:\/\/eco-sai.com\/wp-content\/uploads\/sites\/2\/2023\/09\/bgd-isolation-01-200x80.png 200w, https:\/\/eco-sai.com\/wp-content\/uploads\/sites\/2\/2023\/09\/bgd-isolation-01-400x161.png 400w, https:\/\/eco-sai.com\/wp-content\/uploads\/sites\/2\/2023\/09\/bgd-isolation-01.png 410w\" sizes=\"(max-width: 640px) 100vw, 410px\" \/><\/span><\/div><\/div><\/div><\/div><\/div><div class=\"fusion-fullwidth fullwidth-box fusion-builder-row-3 fusion-flex-container has-pattern-background has-mask-background nonhundred-percent-fullwidth non-hundred-percent-height-scrolling\" style=\"--awb-border-radius-top-left:0px;--awb-border-radius-top-right:0px;--awb-border-radius-bottom-right:0px;--awb-border-radius-bottom-left:0px;--awb-flex-wrap:wrap;\" ><div class=\"fusion-builder-row fusion-row fusion-flex-align-items-flex-start fusion-flex-content-wrap\" style=\"max-width:1248px;margin-left: calc(-4% \/ 2 );margin-right: calc(-4% \/ 2 );\"><div class=\"fusion-layout-column fusion_builder_column fusion-builder-column-7 fusion_builder_column_1_2 1_2 fusion-flex-column\" style=\"--awb-bg-size:cover;--awb-width-large:50%;--awb-margin-top-large:0px;--awb-spacing-right-large:3.84%;--awb-margin-bottom-large:20px;--awb-spacing-left-large:3.84%;--awb-width-medium:50%;--awb-order-medium:0;--awb-spacing-right-medium:3.84%;--awb-spacing-left-medium:3.84%;--awb-width-small:100%;--awb-order-small:0;--awb-spacing-right-small:1.92%;--awb-spacing-left-small:1.92%;\"><div class=\"fusion-column-wrapper fusion-column-has-shadow fusion-flex-justify-content-flex-start fusion-content-layout-column\"><div class=\"fusion-text fusion-text-6\"><h3>Il\u00a0<span class=\"red\">modulo <\/span>USai<\/h3>\n<p><strong>Il\u00a0<span class=\"red\">modulo USai<\/span>\u00a0include le funzionalit\u00e0\u00a0<span class=\"red\">supplementari<\/span>:<\/strong><\/p>\n<ul>\n<li>Le caratteristiche dinamiche secondo la EN ISO 13786 (decremento dell&#8217;intensit\u00e0, Coefficiente di trasmissione dinamico, ammettenza termica, capacit\u00e0 termica)<\/li>\n<li>Calcolare il rischio di condensazione secondo Glaser (EN ISO 13788, EN ISO 6946 e SIA180)<\/li>\n<li>Calcolare il valore U delle finestre<\/li>\n<li>Calcolare l&#8217;energia grigia, il CO2 equivallente e l&#8217;UBP (\u00e9copoints) a partire della lista KBOB (un estratto della base dati ecoinvent)o dei dati fabricante secondo la documentazione tecnica SIA2032. Come per i label Minergie-ECO<\/li>\n<li>Integrato Meteonorm\u00ae mensile per i dati metereologici<\/li>\n<li>Utilizza le meteo ufficiali di diversi paesi<\/li>\n<li>Permette di calcolare gli annessi della norma EN ISO 6946, fissazioni meccaniche, vuoti d&#8217;aria<\/li>\n<li>I risultati possono essere utilizzati per esempio in svizzera &#8220;Programme B\u00e2timents Centime Climatique&#8221; o per riempire il formulario EN-2a<\/li>\n<li>Calcolo del valore U delle finestre<\/li>\n<\/ul>\n<\/div><\/div><\/div><div class=\"fusion-layout-column fusion_builder_column fusion-builder-column-8 fusion_builder_column_1_2 1_2 fusion-flex-column\" style=\"--awb-bg-size:cover;--awb-width-large:50%;--awb-margin-top-large:0px;--awb-spacing-right-large:3.84%;--awb-margin-bottom-large:20px;--awb-spacing-left-large:3.84%;--awb-width-medium:50%;--awb-order-medium:0;--awb-spacing-right-medium:3.84%;--awb-spacing-left-medium:3.84%;--awb-width-small:100%;--awb-order-small:0;--awb-spacing-right-small:1.92%;--awb-spacing-left-small:1.92%;\"><div class=\"fusion-column-wrapper fusion-column-has-shadow fusion-flex-justify-content-flex-start fusion-content-layout-column\"><div class=\"fusion-text fusion-text-7\"><h3>Il\u00a0<span class=\"red\">modulo<\/span> ECO<\/h3>\n<p><strong>Il\u00a0<span class=\"red\">modulo ECO<\/span>\u00a0include le funzionalit\u00e0\u00a0<span class=\"red\">supplementari<\/span>:<\/strong><\/p>\n<ul>\n<li>Valutare dell&#8217;impatto ambientale di un edificio secondo Minergie-ECO\u00ae (2023,2021,2020,2016,2013,2011), DGNB\u00ae, SNBS\u00ae, SIA2040\u00ae e secondo la norma SIA2032<\/li>\n<li>Utilizzazione di 4 indicatori per quantificare l&#8217;impatto: NRE, CED, GWP, et UBP<\/li>\n<li>Calcolo del impatto ambientale legato ai materiali prendendo in conto le fasi principali del ciclo di vita di un edificio: fabricazione dei mateirali, trasporti, sostituzione e eliminazione. La metodologia \u00e8 conforme con la ISO 14040 e seguenti<\/li>\n<li>Gestione del trasporto di materiali dalla fabbrica al cantiere<\/li>\n<li>Calcolo degli impatti delle installazioni tecniche dell&#8217;edificio (produzione e distribuzione di calore, installazioni sanitarie, installazioni solari termiche e fotovoltaiche)<\/li>\n<li>Calcolo dell&#8217;impatto dovuto all&#8217;utilizzazione dell&#8217;edificio. 5 categorie di consumi possibili (riscaldamento, acqua calda sanitaria, climatizzazione, ventilazione, illuminazione e apparecchi elettrici)<\/li>\n<li>Pre-dimensionnamento energetico, gli utilizzatori che non hanno accesso ad un software energetico possono utilizzare il modulo di predimensionamento di ECO-Sai<\/li>\n<li>I risultati sono mostrati sotto forma numerica e grafica<\/li>\n<li>Comparare gli edifici<\/li>\n<li>Stampare rapporti che integrano i risultati sotto forma grafica e numerica<\/li>\n<li>Accreditato dall&#8217;associazione Ecobau per i calcoli ECO<\/li>\n<\/ul>\n<\/div><\/div><\/div><\/div><\/div><\/p>\n","protected":false},"excerpt":{"rendered":"","protected":false},"author":2,"featured_media":0,"parent":0,"menu_order":10,"comment_status":"closed","ping_status":"closed","template":"100-width.php","meta":{"footnotes":""},"class_list":["post-319","page","type-page","status-publish","hentry"],"yoast_head":"<!-- This site is optimized with the Yoast SEO plugin v27.4 - https:\/\/yoast.com\/product\/yoast-seo-wordpress\/ -->\n<title>Home - Eco-Sai<\/title>\n<meta name=\"description\" content=\"Logiciel de calcul de physique de b\u00e2timent et des \u00e9cobilans\" \/>\n<meta name=\"robots\" content=\"index, follow, max-snippet:-1, max-image-preview:large, max-video-preview:-1\" \/>\n<link rel=\"canonical\" href=\"https:\/\/eco-sai.com\/it\/\" \/>\n<meta property=\"og:locale\" content=\"it_IT\" \/>\n<meta property=\"og:type\" content=\"article\" \/>\n<meta property=\"og:title\" content=\"Home - Eco-Sai\" \/>\n<meta property=\"og:description\" content=\"Logiciel de calcul de physique de b\u00e2timent et des \u00e9cobilans\" \/>\n<meta property=\"og:url\" content=\"https:\/\/eco-sai.com\/it\/\" \/>\n<meta property=\"og:site_name\" content=\"Eco-Sai\" \/>\n<meta property=\"article:modified_time\" content=\"2025-06-16T08:56:08+00:00\" \/>\n<meta property=\"og:image\" content=\"https:\/\/eco-sai.com\/wp-content\/uploads\/sites\/2\/2023\/09\/bgd-ecosai-01.jpg\" \/>\n\t<meta property=\"og:image:width\" content=\"417\" \/>\n\t<meta property=\"og:image:height\" content=\"165\" \/>\n\t<meta property=\"og:image:type\" content=\"image\/jpeg\" \/>\n<meta name=\"twitter:card\" content=\"summary_large_image\" \/>\n<meta name=\"twitter:label1\" content=\"Tempo di lettura stimato\" \/>\n\t<meta name=\"twitter:data1\" content=\"3 minuti\" \/>\n<script type=\"application\/ld+json\" class=\"yoast-schema-graph\">{\"@context\":\"https:\\\/\\\/schema.org\",\"@graph\":[{\"@type\":\"WebPage\",\"@id\":\"https:\\\/\\\/eco-sai.com\\\/it\\\/\",\"url\":\"https:\\\/\\\/eco-sai.com\\\/it\\\/\",\"name\":\"Home - Eco-Sai\",\"isPartOf\":{\"@id\":\"https:\\\/\\\/eco-sai.com\\\/it\\\/#website\"},\"datePublished\":\"2023-09-05T08:49:25+00:00\",\"dateModified\":\"2025-06-16T08:56:08+00:00\",\"description\":\"Logiciel de calcul de physique de b\u00e2timent et des \u00e9cobilans\",\"breadcrumb\":{\"@id\":\"https:\\\/\\\/eco-sai.com\\\/it\\\/#breadcrumb\"},\"inLanguage\":\"it-IT\",\"potentialAction\":[{\"@type\":\"ReadAction\",\"target\":[\"https:\\\/\\\/eco-sai.com\\\/it\\\/\"]}]},{\"@type\":\"BreadcrumbList\",\"@id\":\"https:\\\/\\\/eco-sai.com\\\/it\\\/#breadcrumb\",\"itemListElement\":[{\"@type\":\"ListItem\",\"position\":1,\"name\":\"Accueil\",\"item\":\"https:\\\/\\\/eco-sai.com\\\/it\\\/\"},{\"@type\":\"ListItem\",\"position\":2,\"name\":\"Home\"}]},{\"@type\":\"WebSite\",\"@id\":\"https:\\\/\\\/eco-sai.com\\\/it\\\/#website\",\"url\":\"https:\\\/\\\/eco-sai.com\\\/it\\\/\",\"name\":\"eco-sai.com\",\"description\":\"Logiciel de calcul de physique de b\u00e2timent et des \u00e9cobilans\",\"publisher\":{\"@id\":\"https:\\\/\\\/eco-sai.com\\\/it\\\/#organization\"},\"potentialAction\":[{\"@type\":\"SearchAction\",\"target\":{\"@type\":\"EntryPoint\",\"urlTemplate\":\"https:\\\/\\\/eco-sai.com\\\/it\\\/?s={search_term_string}\"},\"query-input\":{\"@type\":\"PropertyValueSpecification\",\"valueRequired\":true,\"valueName\":\"search_term_string\"}}],\"inLanguage\":\"it-IT\"},{\"@type\":\"Organization\",\"@id\":\"https:\\\/\\\/eco-sai.com\\\/it\\\/#organization\",\"name\":\"Eco-Sai\",\"url\":\"https:\\\/\\\/eco-sai.com\\\/it\\\/\",\"logo\":{\"@type\":\"ImageObject\",\"inLanguage\":\"it-IT\",\"@id\":\"https:\\\/\\\/eco-sai.com\\\/it\\\/#\\\/schema\\\/logo\\\/image\\\/\",\"url\":\"https:\\\/\\\/eco-sai.com\\\/wp-content\\\/uploads\\\/sites\\\/2\\\/2023\\\/09\\\/logo-ecosai-60px.png\",\"contentUrl\":\"https:\\\/\\\/eco-sai.com\\\/wp-content\\\/uploads\\\/sites\\\/2\\\/2023\\\/09\\\/logo-ecosai-60px.png\",\"width\":189,\"height\":60,\"caption\":\"Eco-Sai\"},\"image\":{\"@id\":\"https:\\\/\\\/eco-sai.com\\\/it\\\/#\\\/schema\\\/logo\\\/image\\\/\"}}]}<\/script>\n<!-- \/ Yoast SEO plugin. -->","yoast_head_json":{"title":"Home - Eco-Sai","description":"Logiciel de calcul de physique de b\u00e2timent et des \u00e9cobilans","robots":{"index":"index","follow":"follow","max-snippet":"max-snippet:-1","max-image-preview":"max-image-preview:large","max-video-preview":"max-video-preview:-1"},"canonical":"https:\/\/eco-sai.com\/it\/","og_locale":"it_IT","og_type":"article","og_title":"Home - Eco-Sai","og_description":"Logiciel de calcul de physique de b\u00e2timent et des \u00e9cobilans","og_url":"https:\/\/eco-sai.com\/it\/","og_site_name":"Eco-Sai","article_modified_time":"2025-06-16T08:56:08+00:00","og_image":[{"width":417,"height":165,"url":"https:\/\/eco-sai.com\/wp-content\/uploads\/sites\/2\/2023\/09\/bgd-ecosai-01.jpg","type":"image\/jpeg"}],"twitter_card":"summary_large_image","twitter_misc":{"Tempo di lettura stimato":"3 minuti"},"schema":{"@context":"https:\/\/schema.org","@graph":[{"@type":"WebPage","@id":"https:\/\/eco-sai.com\/it\/","url":"https:\/\/eco-sai.com\/it\/","name":"Home - Eco-Sai","isPartOf":{"@id":"https:\/\/eco-sai.com\/it\/#website"},"datePublished":"2023-09-05T08:49:25+00:00","dateModified":"2025-06-16T08:56:08+00:00","description":"Logiciel de calcul de physique de b\u00e2timent et des \u00e9cobilans","breadcrumb":{"@id":"https:\/\/eco-sai.com\/it\/#breadcrumb"},"inLanguage":"it-IT","potentialAction":[{"@type":"ReadAction","target":["https:\/\/eco-sai.com\/it\/"]}]},{"@type":"BreadcrumbList","@id":"https:\/\/eco-sai.com\/it\/#breadcrumb","itemListElement":[{"@type":"ListItem","position":1,"name":"Accueil","item":"https:\/\/eco-sai.com\/it\/"},{"@type":"ListItem","position":2,"name":"Home"}]},{"@type":"WebSite","@id":"https:\/\/eco-sai.com\/it\/#website","url":"https:\/\/eco-sai.com\/it\/","name":"eco-sai.com","description":"Logiciel de calcul de physique de b\u00e2timent et des \u00e9cobilans","publisher":{"@id":"https:\/\/eco-sai.com\/it\/#organization"},"potentialAction":[{"@type":"SearchAction","target":{"@type":"EntryPoint","urlTemplate":"https:\/\/eco-sai.com\/it\/?s={search_term_string}"},"query-input":{"@type":"PropertyValueSpecification","valueRequired":true,"valueName":"search_term_string"}}],"inLanguage":"it-IT"},{"@type":"Organization","@id":"https:\/\/eco-sai.com\/it\/#organization","name":"Eco-Sai","url":"https:\/\/eco-sai.com\/it\/","logo":{"@type":"ImageObject","inLanguage":"it-IT","@id":"https:\/\/eco-sai.com\/it\/#\/schema\/logo\/image\/","url":"https:\/\/eco-sai.com\/wp-content\/uploads\/sites\/2\/2023\/09\/logo-ecosai-60px.png","contentUrl":"https:\/\/eco-sai.com\/wp-content\/uploads\/sites\/2\/2023\/09\/logo-ecosai-60px.png","width":189,"height":60,"caption":"Eco-Sai"},"image":{"@id":"https:\/\/eco-sai.com\/it\/#\/schema\/logo\/image\/"}}]}},"_links":{"self":[{"href":"https:\/\/eco-sai.com\/it\/wp-json\/wp\/v2\/pages\/319","targetHints":{"allow":["GET"]}}],"collection":[{"href":"https:\/\/eco-sai.com\/it\/wp-json\/wp\/v2\/pages"}],"about":[{"href":"https:\/\/eco-sai.com\/it\/wp-json\/wp\/v2\/types\/page"}],"author":[{"embeddable":true,"href":"https:\/\/eco-sai.com\/it\/wp-json\/wp\/v2\/users\/2"}],"replies":[{"embeddable":true,"href":"https:\/\/eco-sai.com\/it\/wp-json\/wp\/v2\/comments?post=319"}],"version-history":[{"count":10,"href":"https:\/\/eco-sai.com\/it\/wp-json\/wp\/v2\/pages\/319\/revisions"}],"predecessor-version":[{"id":551,"href":"https:\/\/eco-sai.com\/it\/wp-json\/wp\/v2\/pages\/319\/revisions\/551"}],"wp:attachment":[{"href":"https:\/\/eco-sai.com\/it\/wp-json\/wp\/v2\/media?parent=319"}],"curies":[{"name":"wp","href":"https:\/\/api.w.org\/{rel}","templated":true}]}}