{"id":324,"date":"2023-09-05T10:57:45","date_gmt":"2023-09-05T08:57:45","guid":{"rendered":"https:\/\/eco-sai.lesosai.com\/?page_id=324"},"modified":"2023-09-06T16:45:22","modified_gmt":"2023-09-06T14:45:22","slug":"neuerungen","status":"publish","type":"page","link":"https:\/\/eco-sai.com\/de\/neuerungen\/","title":{"rendered":"Neuerungen"},"content":{"rendered":"<div class=\"fusion-fullwidth fullwidth-box fusion-builder-row-1 fusion-flex-container has-pattern-background has-mask-background nonhundred-percent-fullwidth non-hundred-percent-height-scrolling\" style=\"--awb-border-radius-top-left:0px;--awb-border-radius-top-right:0px;--awb-border-radius-bottom-right:0px;--awb-border-radius-bottom-left:0px;--awb-flex-wrap:wrap;\" ><div class=\"fusion-builder-row fusion-row fusion-flex-align-items-flex-start fusion-flex-content-wrap\" style=\"max-width:1248px;margin-left: calc(-4% \/ 2 );margin-right: calc(-4% \/ 2 );\"><div class=\"fusion-layout-column fusion_builder_column fusion-builder-column-0 fusion_builder_column_1_1 1_1 fusion-flex-column\" style=\"--awb-bg-size:cover;--awb-width-large:100%;--awb-margin-top-large:0px;--awb-spacing-right-large:1.92%;--awb-margin-bottom-large:20px;--awb-spacing-left-large:1.92%;--awb-width-medium:100%;--awb-order-medium:0;--awb-spacing-right-medium:1.92%;--awb-spacing-left-medium:1.92%;--awb-width-small:100%;--awb-order-small:0;--awb-spacing-right-small:1.92%;--awb-spacing-left-small:1.92%;\"><div class=\"fusion-column-wrapper fusion-column-has-shadow fusion-flex-justify-content-flex-start fusion-content-layout-column\"><div class=\"fusion-text fusion-text-1\"><h4><strong>Verbesserungen gegen\u00fcber<\/strong> : <a href=\"#usai\">USai 3.0<\/a>\u00a0 \u00a0|\u00a0 \u00a0<a href=\"#ecobat\">Eco-Bat 4.0<\/a><\/h4>\n<\/div><div class=\"fusion-menu-anchor\" id=\"usai\"><\/div><div class=\"fusion-separator fusion-full-width-sep\" style=\"align-self: center;margin-left: auto;margin-right: auto;margin-top:60px;width:100%;\"><\/div><div class=\"fusion-text fusion-text-2\"><h3><strong>Verbesserungen gegen\u00fcber USai 3.0<\/strong><\/h3>\n<ul>\n<li>Grafische Darstellung und verbesserte Nutzung, einige Beispiele:<\/li>\n<\/ul>\n<p align=\"center\"><img decoding=\"async\" class=\"alignnone wp-image-71 size-full\" src=\"http:\/\/eco-sai.lesosai.com\/wp-content\/uploads\/sites\/2\/2023\/09\/ameliorationUSaiFR11.png\" alt=\"\" width=\"580\" height=\"194\" srcset=\"https:\/\/eco-sai.com\/wp-content\/uploads\/sites\/2\/2023\/09\/ameliorationUSaiFR11-200x67.png 200w, https:\/\/eco-sai.com\/wp-content\/uploads\/sites\/2\/2023\/09\/ameliorationUSaiFR11-300x100.png 300w, https:\/\/eco-sai.com\/wp-content\/uploads\/sites\/2\/2023\/09\/ameliorationUSaiFR11-400x134.png 400w, https:\/\/eco-sai.com\/wp-content\/uploads\/sites\/2\/2023\/09\/ameliorationUSaiFR11.png 580w\" sizes=\"(max-width: 580px) 100vw, 580px\" \/><\/p>\n<ul>\n<li>Einbeziehung der neuen EN ISO 13788 (2012) und SIA180 (2014)<\/li>\n<li>Grafische Darstellungen welche ber\u00fccksichtigt ob ein Bauteil horizontal oder vertikal (Boden, Decke) aufgebaut (Wand) ist.<\/li>\n<\/ul>\n<p align=\"center\"><img decoding=\"async\" class=\"alignnone size-full wp-image-72\" src=\"http:\/\/eco-sai.lesosai.com\/wp-content\/uploads\/sites\/2\/2023\/09\/ameliorationUSaiFR21.png\" alt=\"\" width=\"439\" height=\"194\" srcset=\"https:\/\/eco-sai.com\/wp-content\/uploads\/sites\/2\/2023\/09\/ameliorationUSaiFR21-200x88.png 200w, https:\/\/eco-sai.com\/wp-content\/uploads\/sites\/2\/2023\/09\/ameliorationUSaiFR21-300x133.png 300w, https:\/\/eco-sai.com\/wp-content\/uploads\/sites\/2\/2023\/09\/ameliorationUSaiFR21-400x177.png 400w, https:\/\/eco-sai.com\/wp-content\/uploads\/sites\/2\/2023\/09\/ameliorationUSaiFR21.png 439w\" sizes=\"(max-width: 439px) 100vw, 439px\" \/><\/p>\n<ul>\n<li>Filter verbessert<\/li>\n<li>Einbeziehung von mechanischen Befestigungen gem\u00e4ss Herstellerangaben:<\/li>\n<\/ul>\n<p align=\"center\"><img decoding=\"async\" class=\"alignnone size-full wp-image-73\" src=\"http:\/\/eco-sai.lesosai.com\/wp-content\/uploads\/sites\/2\/2023\/09\/ameliorationUSaiFR41.png\" alt=\"\" width=\"275\" height=\"196\" srcset=\"https:\/\/eco-sai.com\/wp-content\/uploads\/sites\/2\/2023\/09\/ameliorationUSaiFR41-200x143.png 200w, https:\/\/eco-sai.com\/wp-content\/uploads\/sites\/2\/2023\/09\/ameliorationUSaiFR41.png 275w\" sizes=\"(max-width: 275px) 100vw, 275px\" \/><\/p>\n<ul>\n<li>Neueste KBOB-Liste f\u00fcr Berechnung von Umweltwirkungen und Lebenszyklusanalyse:<\/li>\n<\/ul>\n<p align=\"center\"><img decoding=\"async\" class=\"alignnone size-full wp-image-76\" src=\"http:\/\/eco-sai.lesosai.com\/wp-content\/uploads\/sites\/2\/2023\/09\/ameliorationUSaiFR51.png\" alt=\"\" width=\"470\" height=\"189\" srcset=\"https:\/\/eco-sai.com\/wp-content\/uploads\/sites\/2\/2023\/09\/ameliorationUSaiFR51-200x80.png 200w, https:\/\/eco-sai.com\/wp-content\/uploads\/sites\/2\/2023\/09\/ameliorationUSaiFR51-300x121.png 300w, https:\/\/eco-sai.com\/wp-content\/uploads\/sites\/2\/2023\/09\/ameliorationUSaiFR51-400x161.png 400w, https:\/\/eco-sai.com\/wp-content\/uploads\/sites\/2\/2023\/09\/ameliorationUSaiFR51.png 470w\" sizes=\"(max-width: 470px) 100vw, 470px\" \/><\/p>\n<ul>\n<li>News-Fenster aktiv<\/li>\n<li>Es ist m\u00f6glich U-Werte von Fenstern und T\u00fcren zu berechnen (\u00e4hnlich Lesosai). Beispiel:<\/li>\n<\/ul>\n<p align=\"center\"><img decoding=\"async\" class=\"alignnone size-full wp-image-77\" src=\"http:\/\/eco-sai.lesosai.com\/wp-content\/uploads\/sites\/2\/2023\/09\/ameliorationUSaiFR61.png\" alt=\"\" width=\"471\" height=\"289\" srcset=\"https:\/\/eco-sai.com\/wp-content\/uploads\/sites\/2\/2023\/09\/ameliorationUSaiFR61-200x123.png 200w, https:\/\/eco-sai.com\/wp-content\/uploads\/sites\/2\/2023\/09\/ameliorationUSaiFR61-300x184.png 300w, https:\/\/eco-sai.com\/wp-content\/uploads\/sites\/2\/2023\/09\/ameliorationUSaiFR61-400x245.png 400w, https:\/\/eco-sai.com\/wp-content\/uploads\/sites\/2\/2023\/09\/ameliorationUSaiFR61.png 471w\" sizes=\"(max-width: 471px) 100vw, 471px\" \/><\/p>\n<p><strong>\u00a0<\/strong><\/p>\n<\/div><div class=\"fusion-menu-anchor\" id=\"ecobat\"><\/div><div class=\"fusion-separator fusion-full-width-sep\" style=\"align-self: center;margin-left: auto;margin-right: auto;margin-top:60px;width:100%;\"><\/div><div class=\"fusion-text fusion-text-3\"><h3><strong>Verbesserungen gegen\u00fcber Eco-Bat 4.0<\/strong><\/h3>\n<ul>\n<li>Minergie ECO 2016<\/li>\n<li>DGNB<\/li>\n<li>Bauteil-Editor: Der neue Bauteil-Editor (aus U-Sai \u00fcbernommen) ist praktischer einzusetzen und verf\u00fcgt \u00fcber eine schichtweise grafische Darstellung von Bauteilen:<\/li>\n<\/ul>\n<p><img decoding=\"async\" class=\"size-full wp-image-79 aligncenter\" src=\"http:\/\/eco-sai.lesosai.com\/wp-content\/uploads\/sites\/2\/2023\/09\/ameliorationUSaiFR81.png\" alt=\"\" width=\"480\" height=\"432\" srcset=\"https:\/\/eco-sai.com\/wp-content\/uploads\/sites\/2\/2023\/09\/ameliorationUSaiFR81-200x180.png 200w, https:\/\/eco-sai.com\/wp-content\/uploads\/sites\/2\/2023\/09\/ameliorationUSaiFR81-300x270.png 300w, https:\/\/eco-sai.com\/wp-content\/uploads\/sites\/2\/2023\/09\/ameliorationUSaiFR81-400x360.png 400w, https:\/\/eco-sai.com\/wp-content\/uploads\/sites\/2\/2023\/09\/ameliorationUSaiFR81.png 480w\" sizes=\"(max-width: 480px) 100vw, 480px\" \/><\/p>\n<ul>\n<li>Bauteil-Datenbank: Ecosai profitiert nun von einer Datenbank in welche es erm\u00f6glicht Bauteile wieder zu verwenden oder in anderen Projekten auszuw\u00e4hlen.<\/li>\n<li>\u00d6kobilanz gem\u00e4ss den Labeln DGNB\/SGNI und SNBS<\/li>\n<\/ul>\n<p><img decoding=\"async\" class=\"size-full wp-image-80 aligncenter\" src=\"http:\/\/eco-sai.lesosai.com\/wp-content\/uploads\/sites\/2\/2023\/09\/ameliorationUSaiFR101.png\" alt=\"\" width=\"300\" height=\"156\" srcset=\"https:\/\/eco-sai.com\/wp-content\/uploads\/sites\/2\/2023\/09\/ameliorationUSaiFR101-200x104.png 200w, https:\/\/eco-sai.com\/wp-content\/uploads\/sites\/2\/2023\/09\/ameliorationUSaiFR101.png 300w\" sizes=\"(max-width: 300px) 100vw, 300px\" \/><\/p>\n<ul>\n<li>Einbeziehung der neusten KBOB-Version<\/li>\n<li>M\u00f6glichkeit zur Berechnung von Umwelt Wirkung hundert Ber\u00fccksichtigung s\u00e4mtlicher KBOB-Versionen. Somit ist es m\u00f6glich alte Projekte zu \u00f6ffnen ohne dass die Resultate sich \u00e4ndern. Zudem ist es m\u00f6glich eine neuere Version der Daten auszuw\u00e4hlen und die Berechnung neu durchzuf\u00fchren:<\/li>\n<\/ul>\n<p><img decoding=\"async\" class=\"size-full wp-image-81 aligncenter\" src=\"http:\/\/eco-sai.lesosai.com\/wp-content\/uploads\/sites\/2\/2023\/09\/ameliorationUSaiFR91.png\" alt=\"\" width=\"432\" height=\"196\" srcset=\"https:\/\/eco-sai.com\/wp-content\/uploads\/sites\/2\/2023\/09\/ameliorationUSaiFR91-200x91.png 200w, https:\/\/eco-sai.com\/wp-content\/uploads\/sites\/2\/2023\/09\/ameliorationUSaiFR91-300x136.png 300w, https:\/\/eco-sai.com\/wp-content\/uploads\/sites\/2\/2023\/09\/ameliorationUSaiFR91-400x181.png 400w, https:\/\/eco-sai.com\/wp-content\/uploads\/sites\/2\/2023\/09\/ameliorationUSaiFR91.png 432w\" sizes=\"(max-width: 432px) 100vw, 432px\" \/><\/p>\n<ul>\n<li>Verbesserter Bericht<\/li>\n<li>Offizieller Bericht zur Zertifizierung von Minergie-ECO<\/li>\n<li>Benachrichtigungen \u00fcber Neuigkeiten (Updates, etc.), sobald das entsprechende Symbol gr\u00fcn angezeigt wird:<\/li>\n<\/ul>\n<p><img decoding=\"async\" class=\"size-full wp-image-82 aligncenter\" src=\"http:\/\/eco-sai.lesosai.com\/wp-content\/uploads\/sites\/2\/2023\/09\/ameliorationUSaiFR111.png\" alt=\"\" width=\"139\" height=\"236\" \/><\/p>\n<ul>\n<li>\u00a0Import von Lesosai Material und Bauteil-Bibliotheken<\/li>\n<li>Einbeziehung s\u00e4mtlicher Bau physikalische Funktionen von USai 3 (U-Wert Berechnungen, W\u00e4rmekapazit\u00e4t, Feuchte, \u2026)<\/li>\n<\/ul>\n<\/div><\/div><\/div><\/div><\/div>\n","protected":false},"excerpt":{"rendered":"","protected":false},"author":2,"featured_media":0,"parent":0,"menu_order":20,"comment_status":"closed","ping_status":"closed","template":"100-width.php","meta":{"footnotes":""},"class_list":["post-324","page","type-page","status-publish","hentry"],"yoast_head":"<!-- This site is optimized with the Yoast SEO plugin v27.4 - https:\/\/yoast.com\/product\/yoast-seo-wordpress\/ -->\n<title>Neuerungen - Eco-Sai<\/title>\n<meta name=\"description\" content=\"Logiciel de calcul de physique de b\u00e2timent et des \u00e9cobilans\" \/>\n<meta name=\"robots\" content=\"index, follow, max-snippet:-1, max-image-preview:large, max-video-preview:-1\" \/>\n<link rel=\"canonical\" href=\"https:\/\/eco-sai.com\/de\/neuerungen\/\" \/>\n<meta property=\"og:locale\" content=\"de_DE\" \/>\n<meta property=\"og:type\" content=\"article\" \/>\n<meta property=\"og:title\" content=\"Neuerungen - Eco-Sai\" \/>\n<meta property=\"og:description\" content=\"Logiciel de calcul de physique de b\u00e2timent et des \u00e9cobilans\" \/>\n<meta property=\"og:url\" content=\"https:\/\/eco-sai.com\/de\/neuerungen\/\" \/>\n<meta property=\"og:site_name\" content=\"Eco-Sai\" \/>\n<meta property=\"article:modified_time\" content=\"2023-09-06T14:45:22+00:00\" \/>\n<meta property=\"og:image\" content=\"http:\/\/eco-sai.lesosai.com\/wp-content\/uploads\/sites\/2\/2023\/09\/ameliorationUSaiFR11.png\" \/>\n<meta name=\"twitter:card\" content=\"summary_large_image\" \/>\n<meta name=\"twitter:label1\" content=\"Gesch\u00e4tzte Lesezeit\" \/>\n\t<meta name=\"twitter:data1\" content=\"7\u00a0Minuten\" \/>\n<script type=\"application\/ld+json\" class=\"yoast-schema-graph\">{\"@context\":\"https:\\\/\\\/schema.org\",\"@graph\":[{\"@type\":\"WebPage\",\"@id\":\"https:\\\/\\\/eco-sai.com\\\/de\\\/neuerungen\\\/\",\"url\":\"https:\\\/\\\/eco-sai.com\\\/de\\\/neuerungen\\\/\",\"name\":\"Neuerungen - Eco-Sai\",\"isPartOf\":{\"@id\":\"https:\\\/\\\/eco-sai.com\\\/de\\\/#website\"},\"primaryImageOfPage\":{\"@id\":\"https:\\\/\\\/eco-sai.com\\\/de\\\/neuerungen\\\/#primaryimage\"},\"image\":{\"@id\":\"https:\\\/\\\/eco-sai.com\\\/de\\\/neuerungen\\\/#primaryimage\"},\"thumbnailUrl\":\"http:\\\/\\\/eco-sai.lesosai.com\\\/wp-content\\\/uploads\\\/sites\\\/2\\\/2023\\\/09\\\/ameliorationUSaiFR11.png\",\"datePublished\":\"2023-09-05T08:57:45+00:00\",\"dateModified\":\"2023-09-06T14:45:22+00:00\",\"description\":\"Logiciel de calcul de physique de b\u00e2timent et des \u00e9cobilans\",\"breadcrumb\":{\"@id\":\"https:\\\/\\\/eco-sai.com\\\/de\\\/neuerungen\\\/#breadcrumb\"},\"inLanguage\":\"de\",\"potentialAction\":[{\"@type\":\"ReadAction\",\"target\":[\"https:\\\/\\\/eco-sai.com\\\/de\\\/neuerungen\\\/\"]}]},{\"@type\":\"ImageObject\",\"inLanguage\":\"de\",\"@id\":\"https:\\\/\\\/eco-sai.com\\\/de\\\/neuerungen\\\/#primaryimage\",\"url\":\"http:\\\/\\\/eco-sai.lesosai.com\\\/wp-content\\\/uploads\\\/sites\\\/2\\\/2023\\\/09\\\/ameliorationUSaiFR11.png\",\"contentUrl\":\"http:\\\/\\\/eco-sai.lesosai.com\\\/wp-content\\\/uploads\\\/sites\\\/2\\\/2023\\\/09\\\/ameliorationUSaiFR11.png\"},{\"@type\":\"BreadcrumbList\",\"@id\":\"https:\\\/\\\/eco-sai.com\\\/de\\\/neuerungen\\\/#breadcrumb\",\"itemListElement\":[{\"@type\":\"ListItem\",\"position\":1,\"name\":\"Accueil\",\"item\":\"https:\\\/\\\/eco-sai.com\\\/de\\\/\"},{\"@type\":\"ListItem\",\"position\":2,\"name\":\"Neuerungen\"}]},{\"@type\":\"WebSite\",\"@id\":\"https:\\\/\\\/eco-sai.com\\\/de\\\/#website\",\"url\":\"https:\\\/\\\/eco-sai.com\\\/de\\\/\",\"name\":\"eco-sai.com\",\"description\":\"Logiciel de calcul de physique de b\u00e2timent et des \u00e9cobilans\",\"publisher\":{\"@id\":\"https:\\\/\\\/eco-sai.com\\\/de\\\/#organization\"},\"potentialAction\":[{\"@type\":\"SearchAction\",\"target\":{\"@type\":\"EntryPoint\",\"urlTemplate\":\"https:\\\/\\\/eco-sai.com\\\/de\\\/?s={search_term_string}\"},\"query-input\":{\"@type\":\"PropertyValueSpecification\",\"valueRequired\":true,\"valueName\":\"search_term_string\"}}],\"inLanguage\":\"de\"},{\"@type\":\"Organization\",\"@id\":\"https:\\\/\\\/eco-sai.com\\\/de\\\/#organization\",\"name\":\"Eco-Sai\",\"url\":\"https:\\\/\\\/eco-sai.com\\\/de\\\/\",\"logo\":{\"@type\":\"ImageObject\",\"inLanguage\":\"de\",\"@id\":\"https:\\\/\\\/eco-sai.com\\\/de\\\/#\\\/schema\\\/logo\\\/image\\\/\",\"url\":\"https:\\\/\\\/eco-sai.com\\\/wp-content\\\/uploads\\\/sites\\\/2\\\/2023\\\/09\\\/logo-ecosai-60px.png\",\"contentUrl\":\"https:\\\/\\\/eco-sai.com\\\/wp-content\\\/uploads\\\/sites\\\/2\\\/2023\\\/09\\\/logo-ecosai-60px.png\",\"width\":189,\"height\":60,\"caption\":\"Eco-Sai\"},\"image\":{\"@id\":\"https:\\\/\\\/eco-sai.com\\\/de\\\/#\\\/schema\\\/logo\\\/image\\\/\"}}]}<\/script>\n<!-- \/ Yoast SEO plugin. -->","yoast_head_json":{"title":"Neuerungen - Eco-Sai","description":"Logiciel de calcul de physique de b\u00e2timent et des \u00e9cobilans","robots":{"index":"index","follow":"follow","max-snippet":"max-snippet:-1","max-image-preview":"max-image-preview:large","max-video-preview":"max-video-preview:-1"},"canonical":"https:\/\/eco-sai.com\/de\/neuerungen\/","og_locale":"de_DE","og_type":"article","og_title":"Neuerungen - Eco-Sai","og_description":"Logiciel de calcul de physique de b\u00e2timent et des \u00e9cobilans","og_url":"https:\/\/eco-sai.com\/de\/neuerungen\/","og_site_name":"Eco-Sai","article_modified_time":"2023-09-06T14:45:22+00:00","og_image":[{"url":"http:\/\/eco-sai.lesosai.com\/wp-content\/uploads\/sites\/2\/2023\/09\/ameliorationUSaiFR11.png","type":"","width":"","height":""}],"twitter_card":"summary_large_image","twitter_misc":{"Gesch\u00e4tzte Lesezeit":"7\u00a0Minuten"},"schema":{"@context":"https:\/\/schema.org","@graph":[{"@type":"WebPage","@id":"https:\/\/eco-sai.com\/de\/neuerungen\/","url":"https:\/\/eco-sai.com\/de\/neuerungen\/","name":"Neuerungen - Eco-Sai","isPartOf":{"@id":"https:\/\/eco-sai.com\/de\/#website"},"primaryImageOfPage":{"@id":"https:\/\/eco-sai.com\/de\/neuerungen\/#primaryimage"},"image":{"@id":"https:\/\/eco-sai.com\/de\/neuerungen\/#primaryimage"},"thumbnailUrl":"http:\/\/eco-sai.lesosai.com\/wp-content\/uploads\/sites\/2\/2023\/09\/ameliorationUSaiFR11.png","datePublished":"2023-09-05T08:57:45+00:00","dateModified":"2023-09-06T14:45:22+00:00","description":"Logiciel de calcul de physique de b\u00e2timent et des \u00e9cobilans","breadcrumb":{"@id":"https:\/\/eco-sai.com\/de\/neuerungen\/#breadcrumb"},"inLanguage":"de","potentialAction":[{"@type":"ReadAction","target":["https:\/\/eco-sai.com\/de\/neuerungen\/"]}]},{"@type":"ImageObject","inLanguage":"de","@id":"https:\/\/eco-sai.com\/de\/neuerungen\/#primaryimage","url":"http:\/\/eco-sai.lesosai.com\/wp-content\/uploads\/sites\/2\/2023\/09\/ameliorationUSaiFR11.png","contentUrl":"http:\/\/eco-sai.lesosai.com\/wp-content\/uploads\/sites\/2\/2023\/09\/ameliorationUSaiFR11.png"},{"@type":"BreadcrumbList","@id":"https:\/\/eco-sai.com\/de\/neuerungen\/#breadcrumb","itemListElement":[{"@type":"ListItem","position":1,"name":"Accueil","item":"https:\/\/eco-sai.com\/de\/"},{"@type":"ListItem","position":2,"name":"Neuerungen"}]},{"@type":"WebSite","@id":"https:\/\/eco-sai.com\/de\/#website","url":"https:\/\/eco-sai.com\/de\/","name":"eco-sai.com","description":"Logiciel de calcul de physique de b\u00e2timent et des \u00e9cobilans","publisher":{"@id":"https:\/\/eco-sai.com\/de\/#organization"},"potentialAction":[{"@type":"SearchAction","target":{"@type":"EntryPoint","urlTemplate":"https:\/\/eco-sai.com\/de\/?s={search_term_string}"},"query-input":{"@type":"PropertyValueSpecification","valueRequired":true,"valueName":"search_term_string"}}],"inLanguage":"de"},{"@type":"Organization","@id":"https:\/\/eco-sai.com\/de\/#organization","name":"Eco-Sai","url":"https:\/\/eco-sai.com\/de\/","logo":{"@type":"ImageObject","inLanguage":"de","@id":"https:\/\/eco-sai.com\/de\/#\/schema\/logo\/image\/","url":"https:\/\/eco-sai.com\/wp-content\/uploads\/sites\/2\/2023\/09\/logo-ecosai-60px.png","contentUrl":"https:\/\/eco-sai.com\/wp-content\/uploads\/sites\/2\/2023\/09\/logo-ecosai-60px.png","width":189,"height":60,"caption":"Eco-Sai"},"image":{"@id":"https:\/\/eco-sai.com\/de\/#\/schema\/logo\/image\/"}}]}},"_links":{"self":[{"href":"https:\/\/eco-sai.com\/de\/wp-json\/wp\/v2\/pages\/324","targetHints":{"allow":["GET"]}}],"collection":[{"href":"https:\/\/eco-sai.com\/de\/wp-json\/wp\/v2\/pages"}],"about":[{"href":"https:\/\/eco-sai.com\/de\/wp-json\/wp\/v2\/types\/page"}],"author":[{"embeddable":true,"href":"https:\/\/eco-sai.com\/de\/wp-json\/wp\/v2\/users\/2"}],"replies":[{"embeddable":true,"href":"https:\/\/eco-sai.com\/de\/wp-json\/wp\/v2\/comments?post=324"}],"version-history":[{"count":3,"href":"https:\/\/eco-sai.com\/de\/wp-json\/wp\/v2\/pages\/324\/revisions"}],"predecessor-version":[{"id":376,"href":"https:\/\/eco-sai.com\/de\/wp-json\/wp\/v2\/pages\/324\/revisions\/376"}],"wp:attachment":[{"href":"https:\/\/eco-sai.com\/de\/wp-json\/wp\/v2\/media?parent=324"}],"curies":[{"name":"wp","href":"https:\/\/api.w.org\/{rel}","templated":true}]}}