{"id":310,"date":"2023-09-05T10:49:25","date_gmt":"2023-09-05T08:49:25","guid":{"rendered":"https:\/\/eco-sai.lesosai.com\/?page_id=310"},"modified":"2025-06-16T10:55:33","modified_gmt":"2025-06-16T08:55:33","slug":"home","status":"publish","type":"page","link":"https:\/\/eco-sai.com\/de\/","title":{"rendered":"Home"},"content":{"rendered":"<p><div class=\"fusion-fullwidth fullwidth-box fusion-builder-row-1 fusion-flex-container has-pattern-background has-mask-background nonhundred-percent-fullwidth non-hundred-percent-height-scrolling\" style=\"--awb-border-radius-top-left:0px;--awb-border-radius-top-right:0px;--awb-border-radius-bottom-right:0px;--awb-border-radius-bottom-left:0px;--awb-flex-wrap:wrap;\" ><div class=\"fusion-builder-row fusion-row fusion-flex-align-items-flex-start fusion-flex-content-wrap\" style=\"max-width:1248px;margin-left: calc(-4% \/ 2 );margin-right: calc(-4% \/ 2 );\"><div class=\"fusion-layout-column fusion_builder_column fusion-builder-column-0 fusion_builder_column_1_1 1_1 fusion-flex-column\" style=\"--awb-bg-size:cover;--awb-width-large:100%;--awb-margin-top-large:0px;--awb-spacing-right-large:1.92%;--awb-margin-bottom-large:20px;--awb-spacing-left-large:1.92%;--awb-width-medium:100%;--awb-order-medium:0;--awb-spacing-right-medium:1.92%;--awb-spacing-left-medium:1.92%;--awb-width-small:100%;--awb-order-small:0;--awb-spacing-right-small:1.92%;--awb-spacing-left-small:1.92%;\"><div class=\"fusion-column-wrapper fusion-column-has-shadow fusion-flex-justify-content-flex-start fusion-content-layout-column\"><div class=\"fusion-text fusion-text-1\"><h4>Software zur Berechnung von Bauphysik und \u00d6kobilanz<\/h4>\n<\/div><\/div><\/div><div class=\"fusion-layout-column fusion_builder_column fusion-builder-column-1 fusion_builder_column_2_3 2_3 fusion-flex-column\" style=\"--awb-bg-size:cover;--awb-width-large:66.666666666667%;--awb-margin-top-large:0px;--awb-spacing-right-large:2.88%;--awb-margin-bottom-large:20px;--awb-spacing-left-large:2.88%;--awb-width-medium:66.666666666667%;--awb-order-medium:0;--awb-spacing-right-medium:2.88%;--awb-spacing-left-medium:2.88%;--awb-width-small:100%;--awb-order-small:0;--awb-spacing-right-small:1.92%;--awb-spacing-left-small:1.92%;\"><div class=\"fusion-column-wrapper fusion-column-has-shadow fusion-flex-justify-content-flex-start fusion-content-layout-column\"><div class=\"fusion-text fusion-text-2\"><p><strong>Um die Arbeit von Experten im Bauwesen zu erleichtern, wurden die beiden Programme\u00a0USai\u00a0und\u00a0Eco-bat\u00a0zusammengef\u00fchrt. Zum ersten Mal wird als Weltneuheit die Berechnung von U-Wert, thermischer Masse, Feuchte und \u00d6kobilanzen von Bauteilen (homogen und inhomogen) in einem Tool vereint.<\/strong><\/p>\n<p>Dank seiner einfachen Bedienbarkeit ist es m\u00f6glich mit dem neuen Tool\u00a0<strong>Eco-Sai<\/strong>\u00a0die Eigenschaften von Bauteilen f\u00fcr Vorprojekte und Projekte zu bestimmen.<\/p>\n<\/div><\/div><\/div><div class=\"fusion-layout-column fusion_builder_column fusion-builder-column-2 fusion_builder_column_1_3 1_3 fusion-flex-column\" style=\"--awb-padding-top:10px;--awb-padding-right:20px;--awb-padding-bottom:40px;--awb-padding-left:20px;--awb-overflow:hidden;--awb-bg-size:cover;--awb-border-color:var(--awb-color4);--awb-border-top:3px;--awb-border-right:3px;--awb-border-bottom:3px;--awb-border-left:3px;--awb-border-style:solid;--awb-border-radius:10px 10px 10px 10px;--awb-width-large:33.333333333333%;--awb-margin-top-large:0px;--awb-spacing-right-large:5.76%;--awb-margin-bottom-large:20px;--awb-spacing-left-large:5.76%;--awb-width-medium:33.333333333333%;--awb-order-medium:0;--awb-spacing-right-medium:5.76%;--awb-spacing-left-medium:5.76%;--awb-width-small:100%;--awb-order-small:0;--awb-spacing-right-small:1.92%;--awb-spacing-left-small:1.92%;\" data-scroll-devices=\"small-visibility,medium-visibility,large-visibility\"><div class=\"fusion-column-wrapper fusion-column-has-shadow fusion-flex-justify-content-flex-start fusion-content-layout-column\"><div class=\"fusion-title title fusion-title-1 fusion-sep-none fusion-title-text fusion-title-size-five\" style=\"--awb-text-color:var(--awb-color5);--awb-margin-top-small:10px;--awb-margin-right-small:0px;--awb-margin-bottom-small:10px;--awb-margin-left-small:0px;\"><h5 class=\"fusion-title-heading title-heading-left\" style=\"margin:0;\"><h5 style=\"text-align: center;\">KOSTENLOS Grundversion !<\/h5><\/h5><\/div><div style=\"text-align:center;\"><a class=\"fusion-button button-flat fusion-button-default-size button-default fusion-button-default button-1 fusion-button-default-span fusion-button-default-type\" target=\"_self\" href=\"\/de\/herunterladen-preise\/\"><i class=\"fa-angle-right fas awb-button__icon awb-button__icon--default button-icon-left\" aria-hidden=\"true\"><\/i><span class=\"fusion-button-text awb-button__text awb-button__text--default\">Herunterladen<\/span><\/a><\/div><\/div><\/div><\/div><\/div><div class=\"fusion-fullwidth fullwidth-box fusion-builder-row-2 fusion-flex-container has-pattern-background has-mask-background nonhundred-percent-fullwidth non-hundred-percent-height-scrolling\" style=\"--awb-border-radius-top-left:0px;--awb-border-radius-top-right:0px;--awb-border-radius-bottom-right:0px;--awb-border-radius-bottom-left:0px;--awb-padding-top:0px;--awb-padding-bottom:50px;--awb-background-color:var(--awb-custom_color_2);--awb-flex-wrap:wrap;\" ><div class=\"fusion-builder-row fusion-row fusion-flex-align-items-flex-start fusion-flex-content-wrap\" style=\"max-width:1248px;margin-left: calc(-4% \/ 2 );margin-right: calc(-4% \/ 2 );\"><div class=\"fusion-layout-column fusion_builder_column fusion-builder-column-3 fusion_builder_column_1_1 1_1 fusion-flex-column\" style=\"--awb-bg-size:cover;--awb-width-large:100%;--awb-margin-top-large:0px;--awb-spacing-right-large:1.92%;--awb-margin-bottom-large:20px;--awb-spacing-left-large:1.92%;--awb-width-medium:100%;--awb-order-medium:0;--awb-spacing-right-medium:1.92%;--awb-spacing-left-medium:1.92%;--awb-width-small:100%;--awb-order-small:0;--awb-spacing-right-small:1.92%;--awb-spacing-left-small:1.92%;\"><div class=\"fusion-column-wrapper fusion-column-has-shadow fusion-flex-justify-content-flex-start fusion-content-layout-column\"><div class=\"fusion-section-separator section-separator triangle fusion-section-separator-1\" style=\"--awb-border-bottom:1px solid var(--awb-color1);--awb-spacer-height:1px;--awb-svg-margin-left:1.92%;--awb-svg-margin-right:1.92%;--awb-svg-margin-left-medium:1.92%;--awb-svg-margin-right-medium:1.92%;--awb-svg-margin-left-small:1.92%;--awb-svg-margin-right-small:1.92%;--awb-icon-color:var(--awb-color1);\"><div class=\"fusion-section-separator-svg\"><div class=\"divider-candy-arrow bottom\" style=\"top:0px;border-top-color: var(--awb-color1);\"><\/div><div class=\"divider-candy bottom\" style=\"bottom:-21px;border-bottom:1px solid var(--awb-color1);border-left:1px solid var(--awb-color1);\"><\/div><\/div><div class=\"fusion-section-separator-spacer\"><div class=\"fusion-section-separator-spacer-height\"><\/div><\/div><\/div><div class=\"fusion-text fusion-text-3\"><h3 style=\"text-align: center;\">Eco-Sai<\/h3>\n<\/div><\/div><\/div><div class=\"fusion-layout-column fusion_builder_column fusion-builder-column-4 fusion_builder_column_1_2 1_2 fusion-flex-column\" style=\"--awb-bg-size:cover;--awb-width-large:50%;--awb-margin-top-large:0px;--awb-spacing-right-large:3.84%;--awb-margin-bottom-large:20px;--awb-spacing-left-large:3.84%;--awb-width-medium:50%;--awb-order-medium:0;--awb-spacing-right-medium:3.84%;--awb-spacing-left-medium:3.84%;--awb-width-small:100%;--awb-order-small:0;--awb-spacing-right-small:1.92%;--awb-spacing-left-small:1.92%;\"><div class=\"fusion-column-wrapper fusion-column-has-shadow fusion-flex-justify-content-flex-start fusion-content-layout-column\"><div class=\"fusion-text fusion-text-4\"><p>Das Programm\u00a0<strong>Eco-Sai\u00a0<\/strong>berechnet den W\u00e4rmetransmissionskoeffizienten U und die Kondensationsrisiken innerhalb einer Mauer. Es \u00fcberpr\u00fcft, ob die Zusammensetzung einer Wand zu Kondensationsschaden f\u00fchren k\u00f6nnte. Ausserdem erm\u00f6glicht es eine schnelle Modellierung\u00a0<strong>mehrerer Fassadensanierungsvarianten<\/strong>\u00a0und die Kontrolle des<strong>\u00a0U-Werts\u00a0<\/strong>(W\u00e4rmeleitf\u00e4higkeit = W\u00e4rme\u00fcbertragung).<\/p>\n<p>Mit diesen Funktionen bietet\u00a0<strong>Eco-Sai\u00a0<\/strong>eine wertvolle Grundlage f\u00fcr Investitionsentscheide bei Sanierungen. Die Benutzerfreundlichkeit des Programms und unser leistungsstarker Kundendienst garantieren Ihnen schnelle und zuverl\u00e4ssige Resultate und ersparen Ihnen Zeit und Geld.<\/p>\n<p>Ausserdem ist\u00a0<strong>Eco-Sai<\/strong>\u00a0\u00fcber die Plattform\u00a0<strong><a href=\"http:\/\/www.materialsdb.org\/\" target=\"_blank\" rel=\"noopener\">materialsdb.org<\/a><\/strong>\u00a0mit den Datenbanken von mehreren gro\u00dfen Materialherstellern verbunden.<\/p>\n<\/div><div class=\"fusion-separator fusion-full-width-sep\" style=\"align-self: center;margin-left: auto;margin-right: auto;margin-top:20px;width:100%;\"><\/div><div style=\"text-align:center;\"><a class=\"fusion-button button-flat fusion-button-default-size button-default fusion-button-default button-2 fusion-button-default-span fusion-button-default-type\" target=\"_self\" href=\"\/de\/neuerungen\/\"><i class=\"fa-angle-right fas awb-button__icon awb-button__icon--default button-icon-left\" aria-hidden=\"true\"><\/i><span class=\"fusion-button-text awb-button__text awb-button__text--default\">Neuerungen<\/span><\/a><\/div><div class=\"fusion-separator fusion-full-width-sep\" style=\"align-self: center;margin-left: auto;margin-right: auto;margin-top:20px;width:100%;\"><\/div><\/div><\/div><div class=\"fusion-layout-column fusion_builder_column fusion-builder-column-5 fusion_builder_column_1_2 1_2 fusion-flex-column\" style=\"--awb-bg-size:cover;--awb-width-large:50%;--awb-margin-top-large:0px;--awb-spacing-right-large:3.84%;--awb-margin-bottom-large:20px;--awb-spacing-left-large:3.84%;--awb-width-medium:50%;--awb-order-medium:0;--awb-spacing-right-medium:3.84%;--awb-spacing-left-medium:3.84%;--awb-width-small:100%;--awb-order-small:0;--awb-spacing-right-small:1.92%;--awb-spacing-left-small:1.92%;\"><div class=\"fusion-column-wrapper fusion-column-has-shadow fusion-flex-justify-content-flex-start fusion-content-layout-column\"><div class=\"fusion-text fusion-text-5\"><p><strong>Eco-Sai<\/strong>\u00a0ist\u00a0<span class=\"red\">kostenlos<\/span>\u00a0mit den folgenden Funktionen:<\/p>\n<\/div><ul style=\"--awb-line-height:27.2px;--awb-icon-width:27.2px;--awb-icon-height:27.2px;--awb-icon-margin:11.2px;--awb-content-margin:38.4px;--awb-circlecolor:var(--awb-color4);--awb-circle-yes-font-size:14.08px;\" class=\"fusion-checklist fusion-checklist-1 fusion-checklist-default type-icons\"><li class=\"fusion-li-item\" style=\"\"><span class=\"icon-wrapper circle-yes\"><i class=\"fusion-li-icon fa-check fas\" aria-hidden=\"true\"><\/i><\/span><div class=\"fusion-li-item-content\">\n<p>Verwaltung von Bauprojekten (Fassadenmauern, Fussboden, Decke, T\u00fcre)<\/p>\n<\/div><\/li><li class=\"fusion-li-item\" style=\"\"><span class=\"icon-wrapper circle-yes\"><i class=\"fusion-li-icon fa-check fas\" aria-hidden=\"true\"><\/i><\/span><div class=\"fusion-li-item-content\">\n<p>Berechnung des W\u00e4rme\u00fcbergangskoeffizienten einer Wand unter Ber\u00fccksichtigung von Inhomogenit\u00e4ten, Fu\u00dfbodenheizung und Luftspalten in den W\u00e4nden (SIA180, EN ISO 6946)<\/p>\n<\/div><\/li><li class=\"fusion-li-item\" style=\"\"><span class=\"icon-wrapper circle-yes\"><i class=\"fusion-li-icon fa-check fas\" aria-hidden=\"true\"><\/i><\/span><div class=\"fusion-li-item-content\">\n<p>Datenbank : <a href=\"http:\/\/www.materialsdb.org\/\">materialsdb.org<\/a><\/p>\n<\/div><\/li><li class=\"fusion-li-item\" style=\"\"><span class=\"icon-wrapper circle-yes\"><i class=\"fusion-li-icon fa-check fas\" aria-hidden=\"true\"><\/i><\/span><div class=\"fusion-li-item-content\">\n<p>Die Ergebnisse werden in digitaler Form und grafisch wiedergegeben<\/p>\n<\/div><\/li><li class=\"fusion-li-item\" style=\"\"><span class=\"icon-wrapper circle-yes\"><i class=\"fusion-li-icon fa-check fas\" aria-hidden=\"true\"><\/i><\/span><div class=\"fusion-li-item-content\">\n<p>Berechnung der Anh\u00e4nge in der Norm EN ISO 6946, mechanische Befestigungen, Luftl\u00f6cher<\/p>\n<\/div><\/li><li class=\"fusion-li-item\" style=\"\"><span class=\"icon-wrapper circle-yes\"><i class=\"fusion-li-icon fa-check fas\" aria-hidden=\"true\"><\/i><\/span><div class=\"fusion-li-item-content\">\n<p>Software mehrsprachig: Deutsch, Englisch, Franz\u00f6sisch, Italienisch<\/p>\n<\/div><\/li><li class=\"fusion-li-item\" style=\"\"><span class=\"icon-wrapper circle-yes\"><i class=\"fusion-li-icon fa-check fas\" aria-hidden=\"true\"><\/i><\/span><div class=\"fusion-li-item-content\">\n<p>Kompatibel ab Lesosai 7.1<\/p>\n<\/div><\/li><\/ul><\/div><\/div><div class=\"fusion-layout-column fusion_builder_column fusion-builder-column-6 fusion_builder_column_1_1 1_1 fusion-flex-column\" style=\"--awb-bg-size:cover;--awb-width-large:100%;--awb-margin-top-large:0px;--awb-spacing-right-large:1.92%;--awb-margin-bottom-large:20px;--awb-spacing-left-large:1.92%;--awb-width-medium:100%;--awb-order-medium:0;--awb-spacing-right-medium:1.92%;--awb-spacing-left-medium:1.92%;--awb-width-small:100%;--awb-order-small:0;--awb-spacing-right-small:1.92%;--awb-spacing-left-small:1.92%;\"><div class=\"fusion-column-wrapper fusion-column-has-shadow fusion-flex-justify-content-flex-start fusion-content-layout-column\"><div class=\"fusion-separator fusion-full-width-sep\" style=\"align-self: center;margin-left: auto;margin-right: auto;margin-top:20px;width:100%;\"><\/div><div class=\"fusion-image-element \" style=\"text-align:center;--awb-caption-title-font-family:var(--h2_typography-font-family);--awb-caption-title-font-weight:var(--h2_typography-font-weight);--awb-caption-title-font-style:var(--h2_typography-font-style);--awb-caption-title-size:var(--h2_typography-font-size);--awb-caption-title-transform:var(--h2_typography-text-transform);--awb-caption-title-line-height:var(--h2_typography-line-height);--awb-caption-title-letter-spacing:var(--h2_typography-letter-spacing);\"><span class=\" fusion-imageframe imageframe-none imageframe-1 hover-type-none\"><img decoding=\"async\" width=\"410\" height=\"165\" title=\"bgd-isolation-01\" src=\"https:\/\/eco-sai.com\/wp-content\/uploads\/sites\/2\/2023\/09\/bgd-isolation-01.png\" alt class=\"img-responsive wp-image-201\" srcset=\"https:\/\/eco-sai.com\/wp-content\/uploads\/sites\/2\/2023\/09\/bgd-isolation-01-200x80.png 200w, https:\/\/eco-sai.com\/wp-content\/uploads\/sites\/2\/2023\/09\/bgd-isolation-01-400x161.png 400w, https:\/\/eco-sai.com\/wp-content\/uploads\/sites\/2\/2023\/09\/bgd-isolation-01.png 410w\" sizes=\"(max-width: 640px) 100vw, 410px\" \/><\/span><\/div><\/div><\/div><\/div><\/div><div class=\"fusion-fullwidth fullwidth-box fusion-builder-row-3 fusion-flex-container has-pattern-background has-mask-background nonhundred-percent-fullwidth non-hundred-percent-height-scrolling\" style=\"--awb-border-radius-top-left:0px;--awb-border-radius-top-right:0px;--awb-border-radius-bottom-right:0px;--awb-border-radius-bottom-left:0px;--awb-flex-wrap:wrap;\" ><div class=\"fusion-builder-row fusion-row fusion-flex-align-items-flex-start fusion-flex-content-wrap\" style=\"max-width:1248px;margin-left: calc(-4% \/ 2 );margin-right: calc(-4% \/ 2 );\"><div class=\"fusion-layout-column fusion_builder_column fusion-builder-column-7 fusion_builder_column_1_2 1_2 fusion-flex-column\" style=\"--awb-bg-size:cover;--awb-width-large:50%;--awb-margin-top-large:0px;--awb-spacing-right-large:3.84%;--awb-margin-bottom-large:20px;--awb-spacing-left-large:3.84%;--awb-width-medium:50%;--awb-order-medium:0;--awb-spacing-right-medium:3.84%;--awb-spacing-left-medium:3.84%;--awb-width-small:100%;--awb-order-small:0;--awb-spacing-right-small:1.92%;--awb-spacing-left-small:1.92%;\"><div class=\"fusion-column-wrapper fusion-column-has-shadow fusion-flex-justify-content-flex-start fusion-content-layout-column\"><div class=\"fusion-text fusion-text-6\"><h3>Das\u00a0<span class=\"red\">Modul USai<\/span><\/h3>\n<p>Das\u00a0<span class=\"red\">Modul <strong>USai<\/strong><\/span><strong>\u00a0<\/strong>enth\u00e4lt weiterhin die folgenden Funktionalit\u00e4ten:<\/p>\n<ul>\n<li>Dynamische Eigenschaften nach EN ISO 13786 (W\u00e4rmekapazit\u00e4t, D\u00e4mpfungsgrad, dynamischer W\u00e4rme\u00fcbergangskoeffizient, thermischer Leitwert)<\/li>\n<li>Berechnung Kondensationsrisiko, Menge Tauwasserbildung gem\u00e4ss EN ISO 13788, EN ISO 6946 und SIA180<\/li>\n<li>Berechnung Graue Energie, CO2-\u00e4quivalente und UBP gem\u00e4ss KBOB \u2013Liste (Auszug aus der ecoinvent-Datanbank) oder Herstellerangaben nach SIA 2032. Die selbe Methode wird f\u00fcr Minergie-ECO\u00ae verwendet.<\/li>\n<li>\u00a0verwendet.<\/li>\n<li>Die Resultate k\u00f6nnen verwendet werden f\u00fcr die <a href=\"https:\/\/www.dasgebaeudeprogramm.ch\/de\/\">Das Geb\u00e4udeprogramm<\/a> oder zum Ausf\u00fcllen des Formulars EN-2a, EN-102a<\/li>\n<li>Enth\u00e4lt Meteonorm (monatlich) zur Erstellung von Klimadaten weltweit<\/li>\n<li>Offizielle Wetterdaten Messstationen nach SIA 2028 (monatlich)<\/li>\n<li>U-Wert Berechnung Fenster<\/li>\n<\/ul>\n<\/div><\/div><\/div><div class=\"fusion-layout-column fusion_builder_column fusion-builder-column-8 fusion_builder_column_1_2 1_2 fusion-flex-column\" style=\"--awb-bg-size:cover;--awb-width-large:50%;--awb-margin-top-large:0px;--awb-spacing-right-large:3.84%;--awb-margin-bottom-large:20px;--awb-spacing-left-large:3.84%;--awb-width-medium:50%;--awb-order-medium:0;--awb-spacing-right-medium:3.84%;--awb-spacing-left-medium:3.84%;--awb-width-small:100%;--awb-order-small:0;--awb-spacing-right-small:1.92%;--awb-spacing-left-small:1.92%;\"><div class=\"fusion-column-wrapper fusion-column-has-shadow fusion-flex-justify-content-flex-start fusion-content-layout-column\"><div class=\"fusion-text fusion-text-7\"><h3>Das\u00a0<span class=\"red\">Modul <\/span>ECO<\/h3>\n<p>Das\u00a0<span class=\"red\">Modul <strong>ECO<\/strong><\/span>\u00a0enth\u00e4lt weiterhin die folgenden Funktionalit\u00e4ten:<\/p>\n<ul>\n<li>Absch\u00e4tzung der Umweltauswirkungen eines Geb\u00e4udes gem\u00e4ss Anforderungen Minergie-ECO\u00ae (2023,2021,2020,2016,2013,2011), DGNB, SNBS, SIA2040 und SIA2032<\/li>\n<li>Verwendung vier verschiedene Indikatoren: NRE, CED, GWP, und UBP<\/li>\n<li>Berechnung Umweltwirkungen von Materialien, unter Ber\u00fccksichtigung der wichtigsten Geb\u00e4ude-Lebenszyklusphasen: Materialerstellung, Transporte, Erneuerung, Entsorgung. Diese Methode ist konform zu ISO 14040 und folgende<\/li>\n<li>Verwaltung von Materialtransport. Ecosai erlaubt es den Transport von Materialien von der Fabrik zur Baustelle zu ber\u00fccksichtigen<\/li>\n<li>Berechnungen von Umweltwirkungen der Geb\u00e4udetechnik. (Installation von W\u00e4rmeerzeugung und -verteilung, Sanit\u00e4rinstallationen, elektrische Installationen, L\u00fcftung, solarthermische Installationen und Photovoltaik k\u00f6nnen parametrisiert werden)<\/li>\n<li>Energetische Vordimensionierung. Nutzer welche \u00fcber keine Software zur Berechnung des W\u00e4rmebedarfs verf\u00fcgen, k\u00f6nnen das Modul Ecosai zur Absch\u00e4tzung verwenden<\/li>\n<li>Numerische und grafische Darstellung der Ergebnisse<\/li>\n<li>Ausdruck eines Berichtes inklusive numerische und grafischen Ergebnisse<\/li>\n<li>Akkreditiert durch den Verband Ecobau f\u00fcr ECO-Berechnungen<\/li>\n<\/ul>\n<\/div><\/div><\/div><\/div><\/div><\/p>\n","protected":false},"excerpt":{"rendered":"","protected":false},"author":2,"featured_media":0,"parent":0,"menu_order":10,"comment_status":"closed","ping_status":"closed","template":"100-width.php","meta":{"footnotes":""},"class_list":["post-310","page","type-page","status-publish","hentry"],"yoast_head":"<!-- This site is optimized with the Yoast SEO plugin v27.5 - https:\/\/yoast.com\/product\/yoast-seo-wordpress\/ -->\n<title>Home - Eco-Sai<\/title>\n<meta name=\"description\" content=\"Logiciel de calcul de physique de b\u00e2timent et des \u00e9cobilans\" \/>\n<meta name=\"robots\" content=\"index, follow, max-snippet:-1, max-image-preview:large, max-video-preview:-1\" \/>\n<link rel=\"canonical\" href=\"https:\/\/eco-sai.com\/de\/\" \/>\n<meta property=\"og:locale\" content=\"de_DE\" \/>\n<meta property=\"og:type\" content=\"article\" \/>\n<meta property=\"og:title\" content=\"Home - Eco-Sai\" \/>\n<meta property=\"og:description\" content=\"Logiciel de calcul de physique de b\u00e2timent et des \u00e9cobilans\" \/>\n<meta property=\"og:url\" content=\"https:\/\/eco-sai.com\/de\/\" \/>\n<meta property=\"og:site_name\" content=\"Eco-Sai\" \/>\n<meta property=\"article:modified_time\" content=\"2025-06-16T08:55:33+00:00\" \/>\n<meta property=\"og:image\" content=\"https:\/\/eco-sai.com\/wp-content\/uploads\/sites\/2\/2023\/09\/bgd-ecosai-01.jpg\" \/>\n\t<meta property=\"og:image:width\" content=\"417\" \/>\n\t<meta property=\"og:image:height\" content=\"165\" \/>\n\t<meta property=\"og:image:type\" content=\"image\/jpeg\" \/>\n<meta name=\"twitter:card\" content=\"summary_large_image\" \/>\n<meta name=\"twitter:label1\" content=\"Gesch\u00e4tzte Lesezeit\" \/>\n\t<meta name=\"twitter:data1\" content=\"3\u00a0Minuten\" \/>\n<script type=\"application\/ld+json\" class=\"yoast-schema-graph\">{\"@context\":\"https:\\\/\\\/schema.org\",\"@graph\":[{\"@type\":\"WebPage\",\"@id\":\"https:\\\/\\\/eco-sai.com\\\/de\\\/\",\"url\":\"https:\\\/\\\/eco-sai.com\\\/de\\\/\",\"name\":\"Home - Eco-Sai\",\"isPartOf\":{\"@id\":\"https:\\\/\\\/eco-sai.com\\\/de\\\/#website\"},\"datePublished\":\"2023-09-05T08:49:25+00:00\",\"dateModified\":\"2025-06-16T08:55:33+00:00\",\"description\":\"Logiciel de calcul de physique de b\u00e2timent et des \u00e9cobilans\",\"breadcrumb\":{\"@id\":\"https:\\\/\\\/eco-sai.com\\\/de\\\/#breadcrumb\"},\"inLanguage\":\"de\",\"potentialAction\":[{\"@type\":\"ReadAction\",\"target\":[\"https:\\\/\\\/eco-sai.com\\\/de\\\/\"]}]},{\"@type\":\"BreadcrumbList\",\"@id\":\"https:\\\/\\\/eco-sai.com\\\/de\\\/#breadcrumb\",\"itemListElement\":[{\"@type\":\"ListItem\",\"position\":1,\"name\":\"Accueil\",\"item\":\"https:\\\/\\\/eco-sai.com\\\/de\\\/\"},{\"@type\":\"ListItem\",\"position\":2,\"name\":\"Home\"}]},{\"@type\":\"WebSite\",\"@id\":\"https:\\\/\\\/eco-sai.com\\\/de\\\/#website\",\"url\":\"https:\\\/\\\/eco-sai.com\\\/de\\\/\",\"name\":\"eco-sai.com\",\"description\":\"Logiciel de calcul de physique de b\u00e2timent et des \u00e9cobilans\",\"publisher\":{\"@id\":\"https:\\\/\\\/eco-sai.com\\\/de\\\/#organization\"},\"potentialAction\":[{\"@type\":\"SearchAction\",\"target\":{\"@type\":\"EntryPoint\",\"urlTemplate\":\"https:\\\/\\\/eco-sai.com\\\/de\\\/?s={search_term_string}\"},\"query-input\":{\"@type\":\"PropertyValueSpecification\",\"valueRequired\":true,\"valueName\":\"search_term_string\"}}],\"inLanguage\":\"de\"},{\"@type\":\"Organization\",\"@id\":\"https:\\\/\\\/eco-sai.com\\\/de\\\/#organization\",\"name\":\"Eco-Sai\",\"url\":\"https:\\\/\\\/eco-sai.com\\\/de\\\/\",\"logo\":{\"@type\":\"ImageObject\",\"inLanguage\":\"de\",\"@id\":\"https:\\\/\\\/eco-sai.com\\\/de\\\/#\\\/schema\\\/logo\\\/image\\\/\",\"url\":\"https:\\\/\\\/eco-sai.com\\\/wp-content\\\/uploads\\\/sites\\\/2\\\/2023\\\/09\\\/logo-ecosai-60px.png\",\"contentUrl\":\"https:\\\/\\\/eco-sai.com\\\/wp-content\\\/uploads\\\/sites\\\/2\\\/2023\\\/09\\\/logo-ecosai-60px.png\",\"width\":189,\"height\":60,\"caption\":\"Eco-Sai\"},\"image\":{\"@id\":\"https:\\\/\\\/eco-sai.com\\\/de\\\/#\\\/schema\\\/logo\\\/image\\\/\"}}]}<\/script>\n<!-- \/ Yoast SEO plugin. -->","yoast_head_json":{"title":"Home - Eco-Sai","description":"Logiciel de calcul de physique de b\u00e2timent et des \u00e9cobilans","robots":{"index":"index","follow":"follow","max-snippet":"max-snippet:-1","max-image-preview":"max-image-preview:large","max-video-preview":"max-video-preview:-1"},"canonical":"https:\/\/eco-sai.com\/de\/","og_locale":"de_DE","og_type":"article","og_title":"Home - Eco-Sai","og_description":"Logiciel de calcul de physique de b\u00e2timent et des \u00e9cobilans","og_url":"https:\/\/eco-sai.com\/de\/","og_site_name":"Eco-Sai","article_modified_time":"2025-06-16T08:55:33+00:00","og_image":[{"width":417,"height":165,"url":"https:\/\/eco-sai.com\/wp-content\/uploads\/sites\/2\/2023\/09\/bgd-ecosai-01.jpg","type":"image\/jpeg"}],"twitter_card":"summary_large_image","twitter_misc":{"Gesch\u00e4tzte Lesezeit":"3\u00a0Minuten"},"schema":{"@context":"https:\/\/schema.org","@graph":[{"@type":"WebPage","@id":"https:\/\/eco-sai.com\/de\/","url":"https:\/\/eco-sai.com\/de\/","name":"Home - Eco-Sai","isPartOf":{"@id":"https:\/\/eco-sai.com\/de\/#website"},"datePublished":"2023-09-05T08:49:25+00:00","dateModified":"2025-06-16T08:55:33+00:00","description":"Logiciel de calcul de physique de b\u00e2timent et des \u00e9cobilans","breadcrumb":{"@id":"https:\/\/eco-sai.com\/de\/#breadcrumb"},"inLanguage":"de","potentialAction":[{"@type":"ReadAction","target":["https:\/\/eco-sai.com\/de\/"]}]},{"@type":"BreadcrumbList","@id":"https:\/\/eco-sai.com\/de\/#breadcrumb","itemListElement":[{"@type":"ListItem","position":1,"name":"Accueil","item":"https:\/\/eco-sai.com\/de\/"},{"@type":"ListItem","position":2,"name":"Home"}]},{"@type":"WebSite","@id":"https:\/\/eco-sai.com\/de\/#website","url":"https:\/\/eco-sai.com\/de\/","name":"eco-sai.com","description":"Logiciel de calcul de physique de b\u00e2timent et des \u00e9cobilans","publisher":{"@id":"https:\/\/eco-sai.com\/de\/#organization"},"potentialAction":[{"@type":"SearchAction","target":{"@type":"EntryPoint","urlTemplate":"https:\/\/eco-sai.com\/de\/?s={search_term_string}"},"query-input":{"@type":"PropertyValueSpecification","valueRequired":true,"valueName":"search_term_string"}}],"inLanguage":"de"},{"@type":"Organization","@id":"https:\/\/eco-sai.com\/de\/#organization","name":"Eco-Sai","url":"https:\/\/eco-sai.com\/de\/","logo":{"@type":"ImageObject","inLanguage":"de","@id":"https:\/\/eco-sai.com\/de\/#\/schema\/logo\/image\/","url":"https:\/\/eco-sai.com\/wp-content\/uploads\/sites\/2\/2023\/09\/logo-ecosai-60px.png","contentUrl":"https:\/\/eco-sai.com\/wp-content\/uploads\/sites\/2\/2023\/09\/logo-ecosai-60px.png","width":189,"height":60,"caption":"Eco-Sai"},"image":{"@id":"https:\/\/eco-sai.com\/de\/#\/schema\/logo\/image\/"}}]}},"_links":{"self":[{"href":"https:\/\/eco-sai.com\/de\/wp-json\/wp\/v2\/pages\/310","targetHints":{"allow":["GET"]}}],"collection":[{"href":"https:\/\/eco-sai.com\/de\/wp-json\/wp\/v2\/pages"}],"about":[{"href":"https:\/\/eco-sai.com\/de\/wp-json\/wp\/v2\/types\/page"}],"author":[{"embeddable":true,"href":"https:\/\/eco-sai.com\/de\/wp-json\/wp\/v2\/users\/2"}],"replies":[{"embeddable":true,"href":"https:\/\/eco-sai.com\/de\/wp-json\/wp\/v2\/comments?post=310"}],"version-history":[{"count":12,"href":"https:\/\/eco-sai.com\/de\/wp-json\/wp\/v2\/pages\/310\/revisions"}],"predecessor-version":[{"id":550,"href":"https:\/\/eco-sai.com\/de\/wp-json\/wp\/v2\/pages\/310\/revisions\/550"}],"wp:attachment":[{"href":"https:\/\/eco-sai.com\/de\/wp-json\/wp\/v2\/media?parent=310"}],"curies":[{"name":"wp","href":"https:\/\/api.w.org\/{rel}","templated":true}]}}